{"id":69,"date":"2025-01-27T19:38:51","date_gmt":"2025-01-27T19:38:51","guid":{"rendered":"https:\/\/malejatamayotv.com\/?page_id=69"},"modified":"2025-01-27T22:37:17","modified_gmt":"2025-01-27T22:37:17","slug":"maleja-tv","status":"publish","type":"page","link":"https:\/\/malejatamayotv.com\/en\/maleja-tv\/","title":{"rendered":"Maleja Tv"},"content":{"rendered":"<div data-elementor-type=\"wp-page\" data-elementor-id=\"69\" class=\"elementor elementor-69\" data-elementor-settings=\"{&quot;ha_cmc_init_switcher&quot;:&quot;no&quot;}\">\n\t\t\t\t<div class=\"elementor-element elementor-element-2b10838 e-flex e-con-boxed e-con e-parent\" data-id=\"2b10838\" data-element_type=\"container\" data-settings=\"{&quot;background_background&quot;:&quot;classic&quot;,&quot;_ha_eqh_enable&quot;:false}\">\n\t\t\t\t\t<div class=\"e-con-inner\">\n\t\t\t\t<div class=\"elementor-element elementor-element-aad3625 elementor-widget elementor-widget-text-editor\" data-id=\"aad3625\" data-element_type=\"widget\" data-widget_type=\"text-editor.default\">\n\t\t\t\t<div class=\"elementor-widget-container\">\n\t\t\t\t\t\t\t\t\t<p>I'm a Latina journalist with over seven years of experience as an event host, reporter, and commercial voice. Also, I work as a Hispanic commercial model. I love dance salsa and practice aerial silks. My life philosophy is all about movement.\u00a0<\/p><p><strong>I was the entertainment director at the People News digital channel, a commercial video model for Golden Memorial company, and I have worked as a model in music videos.\u00a0\u00a0<\/strong><\/p><p>Currently, I am a commercial spokesperson and the Host at San Jos\u00e9 Amigos Auto Sales dealership, and I lead my own entertainment interview program MalejaShow. <img decoding=\"async\" class=\"alignnone wp-image-29\" src=\"https:\/\/malejatamayotv.com\/wp-content\/uploads\/2025\/01\/MALEJASHOW-WHITE-e1737995664365-300x158.png\" alt=\"\" width=\"108\" height=\"57\" srcset=\"https:\/\/malejatamayotv.com\/wp-content\/uploads\/2025\/01\/MALEJASHOW-WHITE-e1737995664365-300x158.png 300w, https:\/\/malejatamayotv.com\/wp-content\/uploads\/2025\/01\/MALEJASHOW-WHITE-e1737995664365-768x404.png 768w, https:\/\/malejatamayotv.com\/wp-content\/uploads\/2025\/01\/MALEJASHOW-WHITE-e1737995664365.png 893w\" sizes=\"(max-width: 108px) 100vw, 108px\" \/><\/p>\t\t\t\t\t\t\t\t<\/div>\n\t\t\t\t<\/div>\n\t\t\t\t\t<\/div>\n\t\t\t\t<\/div>\n\t\t<div class=\"elementor-element elementor-element-885d15d e-flex e-con-boxed e-con e-parent\" data-id=\"885d15d\" data-element_type=\"container\" data-settings=\"{&quot;background_background&quot;:&quot;classic&quot;,&quot;_ha_eqh_enable&quot;:false}\">\n\t\t\t\t\t<div class=\"e-con-inner\">\n\t\t<div class=\"elementor-element elementor-element-6996c87 e-con-full e-flex e-con e-child\" data-id=\"6996c87\" data-element_type=\"container\" data-settings=\"{&quot;_ha_eqh_enable&quot;:false}\">\n\t\t\t\t<div class=\"elementor-element elementor-element-a619097 elementor-widget elementor-widget-video\" data-id=\"a619097\" data-element_type=\"widget\" data-settings=\"{&quot;video_type&quot;:&quot;hosted&quot;,&quot;loop&quot;:&quot;yes&quot;,&quot;controls&quot;:&quot;yes&quot;}\" data-widget_type=\"video.default\">\n\t\t\t\t<div class=\"elementor-widget-container\">\n\t\t\t\t\t\t\t<div class=\"e-hosted-video elementor-wrapper elementor-open-inline\">\n\t\t\t\t\t<video class=\"elementor-video\" src=\"https:\/\/malejatamayotv.com\/wp-content\/uploads\/2025\/01\/Maleja_TV_presentacion2.mov\" loop=\"\" controls=\"\" preload=\"metadata\" controlslist=\"nodownload\"><\/video>\n\t\t\t\t<\/div>\n\t\t\t\t\t\t<\/div>\n\t\t\t\t<\/div>\n\t\t\t\t<\/div>\n\t\t<div class=\"elementor-element elementor-element-fea2823 e-con-full e-flex e-con e-child\" data-id=\"fea2823\" data-element_type=\"container\" data-settings=\"{&quot;_ha_eqh_enable&quot;:false}\">\n\t\t\t\t<div class=\"elementor-element elementor-element-7d4f6e7 elementor-widget elementor-widget-image\" data-id=\"7d4f6e7\" data-element_type=\"widget\" data-settings=\"{&quot;ha_floating_fx&quot;:&quot;yes&quot;,&quot;ha_floating_fx_scale_toggle&quot;:&quot;yes&quot;,&quot;ha_floating_fx_scale_x&quot;:{&quot;unit&quot;:&quot;px&quot;,&quot;size&quot;:&quot;&quot;,&quot;sizes&quot;:{&quot;from&quot;:1,&quot;to&quot;:1.1999999999999999555910790149937383830547332763671875}},&quot;ha_floating_fx_scale_y&quot;:{&quot;unit&quot;:&quot;px&quot;,&quot;size&quot;:&quot;&quot;,&quot;sizes&quot;:{&quot;from&quot;:1,&quot;to&quot;:1.1999999999999999555910790149937383830547332763671875}},&quot;ha_floating_fx_scale_duration&quot;:{&quot;unit&quot;:&quot;px&quot;,&quot;size&quot;:1000,&quot;sizes&quot;:[]},&quot;ha_floating_fx_scale_delay&quot;:{&quot;unit&quot;:&quot;px&quot;,&quot;size&quot;:&quot;&quot;,&quot;sizes&quot;:[]}}\" data-widget_type=\"image.default\">\n\t\t\t\t<div class=\"elementor-widget-container\">\n\t\t\t\t\t\t\t\t\t\t\t\t\t\t\t<img fetchpriority=\"high\" decoding=\"async\" width=\"941\" height=\"1024\" src=\"https:\/\/malejatamayotv.com\/wp-content\/uploads\/2025\/01\/STAR-e1738006527543-941x1024.png\" class=\"attachment-large size-large wp-image-71\" alt=\"\" srcset=\"https:\/\/malejatamayotv.com\/wp-content\/uploads\/2025\/01\/STAR-e1738006527543-941x1024.png 941w, https:\/\/malejatamayotv.com\/wp-content\/uploads\/2025\/01\/STAR-e1738006527543-276x300.png 276w, https:\/\/malejatamayotv.com\/wp-content\/uploads\/2025\/01\/STAR-e1738006527543-768x836.png 768w, https:\/\/malejatamayotv.com\/wp-content\/uploads\/2025\/01\/STAR-e1738006527543-1411x1536.png 1411w, https:\/\/malejatamayotv.com\/wp-content\/uploads\/2025\/01\/STAR-e1738006527543.png 1803w\" sizes=\"(max-width: 941px) 100vw, 941px\" \/>\t\t\t\t\t\t\t\t\t\t\t\t\t\t\t<\/div>\n\t\t\t\t<\/div>\n\t\t\t\t<div class=\"elementor-element elementor-element-c4635e1 elementor-widget elementor-widget-ucaddon_uc_compact_image_theme\" data-id=\"c4635e1\" data-element_type=\"widget\" data-widget_type=\"ucaddon_uc_compact_image_theme.default\">\n\t\t\t\t<div class=\"elementor-widget-container\">\n\t\t\t\t\t\n<!-- start Compact Gallery -->\n\t\t<link id='unitegallery-css' href='https:\/\/malejatamayotv.com\/wp-content\/plugins\/unlimited-elements-for-elementor\/assets_libraries\/unitegallery\/css\/unite-gallery.css' type='text\/css' rel='stylesheet' >\n\n\n<div id=\"uc_uc_compact_image_theme_elementor_c4635e1\" class=\"uc-items-wrapper\" style=\"display:none; margin:0 auto;\"  data-remote-type=\"gallery\" data-custom-sethtml=\"true\" >\n\n\n<img decoding=\"async\" alt=\"Maleja_TV_2-e1705613448354-1024x904\"\n   src=\"https:\/\/malejatamayotv.com\/wp-content\/uploads\/2025\/01\/Maleja_TV_2-e1705613448354-1024x904-1-768x678.jpg\"\n    data-image=\"https:\/\/malejatamayotv.com\/wp-content\/uploads\/2025\/01\/Maleja_TV_2-e1705613448354-1024x904-1.jpg\"\n    data-title=\"Maleja_TV_2-e1705613448354-1024x904\">\n\n<img decoding=\"async\" alt=\"Maleja_TV_9-1-e1705612875601-1024x716\"\n   src=\"https:\/\/malejatamayotv.com\/wp-content\/uploads\/2025\/01\/Maleja_TV_9-1-e1705612875601-1024x716-1-768x537.jpg\"\n    data-image=\"https:\/\/malejatamayotv.com\/wp-content\/uploads\/2025\/01\/Maleja_TV_9-1-e1705612875601-1024x716-1.jpg\"\n    data-title=\"Maleja_TV_9-1-e1705612875601-1024x716\">\n\n<img decoding=\"async\" alt=\"Maleja_TV_4-e1705615536569-1024x926\"\n   src=\"https:\/\/malejatamayotv.com\/wp-content\/uploads\/2025\/01\/Maleja_TV_4-e1705615536569-1024x926-1-768x695.jpg\"\n    data-image=\"https:\/\/malejatamayotv.com\/wp-content\/uploads\/2025\/01\/Maleja_TV_4-e1705615536569-1024x926-1.jpg\"\n    data-title=\"Maleja_TV_4-e1705615536569-1024x926\">\n\n<img decoding=\"async\" alt=\"Maleja_TV_7-1-819x1024\"\n   src=\"https:\/\/malejatamayotv.com\/wp-content\/uploads\/2025\/01\/Maleja_TV_7-1-819x1024-1-768x960.jpg\"\n    data-image=\"https:\/\/malejatamayotv.com\/wp-content\/uploads\/2025\/01\/Maleja_TV_7-1-819x1024-1.jpg\"\n    data-title=\"Maleja_TV_7-1-819x1024\">\n\n<img decoding=\"async\" alt=\"Maleja_TV_5-1-e1705615492734-1024x1021\"\n   src=\"https:\/\/malejatamayotv.com\/wp-content\/uploads\/2025\/01\/Maleja_TV_5-1-e1705615492734-1024x1021-1-768x766.jpg\"\n    data-image=\"https:\/\/malejatamayotv.com\/wp-content\/uploads\/2025\/01\/Maleja_TV_5-1-e1705615492734-1024x1021-1.jpg\"\n    data-title=\"Maleja_TV_5-1-e1705615492734-1024x1021\">\n\n  \n<\/div>\n<!-- end Compact Gallery -->\t\t\t\t<\/div>\n\t\t\t\t<\/div>\n\t\t\t\t<\/div>\n\t\t\t\t\t<\/div>\n\t\t\t\t<\/div>\n\t\t\t\t<\/div>","protected":false},"excerpt":{"rendered":"<p>Soy una periodista latina con m\u00e1s de siete a\u00f1os de experiencia como presentadora de eventos, reportera y voz comercial. Tambi\u00e9n [&hellip;]<\/p>","protected":false},"author":1,"featured_media":0,"parent":0,"menu_order":0,"comment_status":"closed","ping_status":"closed","template":"","meta":{"site-sidebar-layout":"no-sidebar","site-content-layout":"","ast-site-content-layout":"full-width-container","site-content-style":"default","site-sidebar-style":"default","ast-global-header-display":"","ast-banner-title-visibility":"","ast-main-header-display":"","ast-hfb-above-header-display":"","ast-hfb-below-header-display":"","ast-hfb-mobile-header-display":"","site-post-title":"disabled","ast-breadcrumbs-content":"","ast-featured-img":"disabled","footer-sml-layout":"","theme-transparent-header-meta":"","adv-header-id-meta":"","stick-header-meta":"","header-above-stick-meta":"","header-main-stick-meta":"","header-below-stick-meta":"","astra-migrate-meta-layouts":"default","ast-page-background-enabled":"default","ast-page-background-meta":{"desktop":{"background-color":"var(--ast-global-color-5)","background-image":"","background-repeat":"repeat","background-position":"center center","background-size":"auto","background-attachment":"scroll","background-type":"","background-media":"","overlay-type":"","overlay-color":"","overlay-opacity":"","overlay-gradient":""},"tablet":{"background-color":"","background-image":"","background-repeat":"repeat","background-position":"center center","background-size":"auto","background-attachment":"scroll","background-type":"","background-media":"","overlay-type":"","overlay-color":"","overlay-opacity":"","overlay-gradient":""},"mobile":{"background-color":"","background-image":"","background-repeat":"repeat","background-position":"center center","background-size":"auto","background-attachment":"scroll","background-type":"","background-media":"","overlay-type":"","overlay-color":"","overlay-opacity":"","overlay-gradient":""}},"ast-content-background-meta":{"desktop":{"background-color":"var(--ast-global-color-4)","background-image":"","background-repeat":"repeat","background-position":"center center","background-size":"auto","background-attachment":"scroll","background-type":"","background-media":"","overlay-type":"","overlay-color":"","overlay-opacity":"","overlay-gradient":""},"tablet":{"background-color":"var(--ast-global-color-4)","background-image":"","background-repeat":"repeat","background-position":"center center","background-size":"auto","background-attachment":"scroll","background-type":"","background-media":"","overlay-type":"","overlay-color":"","overlay-opacity":"","overlay-gradient":""},"mobile":{"background-color":"var(--ast-global-color-4)","background-image":"","background-repeat":"repeat","background-position":"center center","background-size":"auto","background-attachment":"scroll","background-type":"","background-media":"","overlay-type":"","overlay-color":"","overlay-opacity":"","overlay-gradient":""}},"footnotes":""},"class_list":["post-69","page","type-page","status-publish","hentry"],"_links":{"self":[{"href":"https:\/\/malejatamayotv.com\/en\/wp-json\/wp\/v2\/pages\/69","targetHints":{"allow":["GET"]}}],"collection":[{"href":"https:\/\/malejatamayotv.com\/en\/wp-json\/wp\/v2\/pages"}],"about":[{"href":"https:\/\/malejatamayotv.com\/en\/wp-json\/wp\/v2\/types\/page"}],"author":[{"embeddable":true,"href":"https:\/\/malejatamayotv.com\/en\/wp-json\/wp\/v2\/users\/1"}],"replies":[{"embeddable":true,"href":"https:\/\/malejatamayotv.com\/en\/wp-json\/wp\/v2\/comments?post=69"}],"version-history":[{"count":16,"href":"https:\/\/malejatamayotv.com\/en\/wp-json\/wp\/v2\/pages\/69\/revisions"}],"predecessor-version":[{"id":173,"href":"https:\/\/malejatamayotv.com\/en\/wp-json\/wp\/v2\/pages\/69\/revisions\/173"}],"wp:attachment":[{"href":"https:\/\/malejatamayotv.com\/en\/wp-json\/wp\/v2\/media?parent=69"}],"curies":[{"name":"wp","href":"https:\/\/api.w.org\/{rel}","templated":true}]}}